{"id":2,"date":"2017-01-31T14:46:46","date_gmt":"2017-01-31T11:46:46","guid":{"rendered":"http:\/\/www.uzmanradyoloji.com\/?page_id=2"},"modified":"2017-02-04T15:17:57","modified_gmt":"2017-02-04T12:17:57","slug":"ornek-sayfa","status":"publish","type":"page","link":"https:\/\/www.uzmanradyoloji.com\/index.php\/ornek-sayfa\/","title":{"rendered":"El oblik grafisi (R\u00f6ntgeni)"},"content":{"rendered":"<p>El oblik grafisi (R\u00f6ntgeni)<\/p>\n<p>Haz\u0131rl\u0131k<\/p>\n<p>Bayan hastalar \u00e7ekim odas\u0131na al\u0131nmadan \u00f6nce mutlaka hamile olma ihtimali mutlaka sorgulanmal\u0131d\u0131r. \u00c7ekim odas\u0131na al\u0131nan hastan\u0131n kimlik bilgileri ve mutlaka \u015fikayeti sorgulanmal\u0131d\u0131r.<\/p>\n<p>Nas\u0131l \u00e7ekilir?<\/p>\n<p>Bu \u00e7ekim masada statifte veya direk kasete yap\u0131labilir. \u00c7ekimin hasta ve tekniker i\u00e7in konforlu olabilmesi i\u00e7in hastan\u0131n bir tabureye oturtulmas\u0131 gerekir. \u0130stenilen alan\u0131 kesmeyecek \u00f6l\u00e7\u00fcde kaset veya dedekt\u00f6r se\u00e7imi yap\u0131lmal\u0131d\u0131r. T\u00fcp kaset mesafesi 100 cm olmal\u0131d\u0131r. \u00c7ekimi yap\u0131lacak taraf Santralizasyon Kasetin tam ortas\u0131na yap\u0131lmal\u0131d\u0131r. Hasta pozisyonu ayarlan\u0131p gerekli \u00f6l\u00e7\u00fclerde kolimasyon yap\u0131ld\u0131ktan sonra hastaya hareket etmemesi s\u00f6ylenir. Ortalama bir eri\u015fkin i\u00e7in 50 KV ve 5 MaS ile \u00e7ekim yap\u0131labilir.<\/p>\n<p>Dikkat edilmesi gerekenler<\/p>\n<p>\u00d6zetlersek<\/p>\n<p>-Hamilelik kimlik bilgileri ve \u015fikayetini sorgula<\/p>\n<p>-Mesafe 100 cm<\/p>\n<p>-KV:50 MaS:5<\/p>\n<p>\u00d6rnek bir el oblik r\u00f6ntgeni<\/p>\n<p><img loading=\"lazy\" decoding=\"async\" class=\"alignnone size-medium wp-image-104\" src=\"http:\/\/www.uzmanradyoloji.com\/wp-content\/uploads\/2017\/01\/SOL-EL-2-Y-DX.Hand_.Se1342.Img4_Ink_LI-231x300.jpg\" alt=\"\" width=\"231\" height=\"300\" srcset=\"https:\/\/www.uzmanradyoloji.com\/wp-content\/uploads\/2017\/01\/SOL-EL-2-Y-DX.Hand_.Se1342.Img4_Ink_LI-231x300.jpg 231w, https:\/\/www.uzmanradyoloji.com\/wp-content\/uploads\/2017\/01\/SOL-EL-2-Y-DX.Hand_.Se1342.Img4_Ink_LI-768x996.jpg 768w, https:\/\/www.uzmanradyoloji.com\/wp-content\/uploads\/2017\/01\/SOL-EL-2-Y-DX.Hand_.Se1342.Img4_Ink_LI-790x1024.jpg 790w, https:\/\/www.uzmanradyoloji.com\/wp-content\/uploads\/2017\/01\/SOL-EL-2-Y-DX.Hand_.Se1342.Img4_Ink_LI.jpg 997w\" sizes=\"auto, (max-width: 231px) 100vw, 231px\" \/><\/p>\n <!-- AdSense Now! Lite: WP is not in the loop.  -->\n","protected":false},"excerpt":{"rendered":"<p>El oblik grafisi (R\u00f6ntgeni) Haz\u0131rl\u0131k Bayan hastalar \u00e7ekim odas\u0131na al\u0131nmadan \u00f6nce mutlaka hamile olma ihtimali mutlaka sorgulanmal\u0131d\u0131r. \u00c7ekim odas\u0131na al\u0131nan hastan\u0131n kimlik bilgileri ve mutlaka \u015fikayeti sorgulanmal\u0131d\u0131r. Nas\u0131l \u00e7ekilir? Bu \u00e7ekim masada statifte veya direk kasete yap\u0131labilir. \u00c7ekimin hasta ve tekniker i\u00e7in konforlu olabilmesi i\u00e7in hastan\u0131n bir tabureye oturtulmas\u0131 gerekir. \u0130stenilen alan\u0131 kesmeyecek \u00f6l\u00e7\u00fcde kaset [&hellip;]<\/p>\n","protected":false},"author":1,"featured_media":110,"parent":0,"menu_order":0,"comment_status":"closed","ping_status":"open","template":"","meta":{"footnotes":""},"class_list":["post-2","page","type-page","status-publish","has-post-thumbnail","hentry"],"_links":{"self":[{"href":"https:\/\/www.uzmanradyoloji.com\/index.php\/wp-json\/wp\/v2\/pages\/2","targetHints":{"allow":["GET"]}}],"collection":[{"href":"https:\/\/www.uzmanradyoloji.com\/index.php\/wp-json\/wp\/v2\/pages"}],"about":[{"href":"https:\/\/www.uzmanradyoloji.com\/index.php\/wp-json\/wp\/v2\/types\/page"}],"author":[{"embeddable":true,"href":"https:\/\/www.uzmanradyoloji.com\/index.php\/wp-json\/wp\/v2\/users\/1"}],"replies":[{"embeddable":true,"href":"https:\/\/www.uzmanradyoloji.com\/index.php\/wp-json\/wp\/v2\/comments?post=2"}],"version-history":[{"count":4,"href":"https:\/\/www.uzmanradyoloji.com\/index.php\/wp-json\/wp\/v2\/pages\/2\/revisions"}],"predecessor-version":[{"id":137,"href":"https:\/\/www.uzmanradyoloji.com\/index.php\/wp-json\/wp\/v2\/pages\/2\/revisions\/137"}],"wp:featuredmedia":[{"embeddable":true,"href":"https:\/\/www.uzmanradyoloji.com\/index.php\/wp-json\/wp\/v2\/media\/110"}],"wp:attachment":[{"href":"https:\/\/www.uzmanradyoloji.com\/index.php\/wp-json\/wp\/v2\/media?parent=2"}],"curies":[{"name":"wp","href":"https:\/\/api.w.org\/{rel}","templated":true}]}}